{"id":12,"date":"2024-11-24T14:02:33","date_gmt":"2024-11-24T14:02:33","guid":{"rendered":"https:\/\/musewald.info\/?page_id=12"},"modified":"2024-11-25T07:09:37","modified_gmt":"2024-11-25T07:09:37","slug":"home","status":"publish","type":"page","link":"https:\/\/musewald.info\/","title":{"rendered":"Home"},"content":{"rendered":"<p>[et_pb_section fb_built=&#8221;1&#8243; admin_label=&#8221;Header&#8221; _builder_version=&#8221;4.21.0&#8243; _module_preset=&#8221;default&#8221; background_color=&#8221;gcid-3cfc8c0c-5557-4a5d-9dab-24e78d615311&#8243; collapsed=&#8221;on&#8221; global_colors_info=&#8221;{%22gcid-3cfc8c0c-5557-4a5d-9dab-24e78d615311%22:%91%22background_color%22%93}&#8221;][et_pb_row _builder_version=&#8221;4.22.0&#8243; _module_preset=&#8221;default&#8221; global_colors_info=&#8221;{}&#8221;][et_pb_column type=&#8221;4_4&#8243; _builder_version=&#8221;4.21.0&#8243; _module_preset=&#8221;default&#8221;][et_pb_heading title=&#8221;Wir bef\u00e4higen Unternehmen im Transport- und Logistiksektor, in Deutschland erfolgreich zu sein&#8221; _builder_version=&#8221;4.25.1&#8243; _module_preset=&#8221;bab1f5c2-711f-4a93-bd7d-56727e3a69e6&#8243; global_colors_info=&#8221;{}&#8221;][\/et_pb_heading][et_pb_button button_text=&#8221;Unverbindliches Erstgespr\u00e4ch vereinbaren&#8221; _builder_version=&#8221;4.27.3&#8243; _module_preset=&#8221;fab679eb-eb32-446b-82d8-23d8cd48dfa8&#8243; hover_enabled=&#8221;0&#8243; global_colors_info=&#8221;{}&#8221; button_url=&#8221;mailto:musewald@musewald.info&#8221; sticky_enabled=&#8221;0&#8243;][\/et_pb_button][\/et_pb_column][\/et_pb_row][et_pb_row column_structure=&#8221;1_3,1_3,1_3&#8243; _builder_version=&#8221;4.22.0&#8243; _module_preset=&#8221;default&#8221; global_colors_info=&#8221;{}&#8221;][et_pb_column type=&#8221;1_3&#8243; _builder_version=&#8221;4.22.0&#8243; _module_preset=&#8221;default&#8221;][et_pb_blurb title=&#8221;Strategie &#038; Beratung&#8221; image_icon_background_color=&#8221;#E02B20&#8243; image=&#8221;https:\/\/musewald.info\/wp-content\/uploads\/2024\/11\/consulting-45.png&#8221; _builder_version=&#8221;4.27.3&#8243; _module_preset=&#8221;default&#8221; global_colors_info=&#8221;{}&#8221; transform_styles__hover_enabled=&#8221;on|hover&#8221; transform_scale__hover_enabled=&#8221;on|hover&#8221; transform_translate__hover_enabled=&#8221;on|desktop&#8221; transform_rotate__hover_enabled=&#8221;on|desktop&#8221; transform_skew__hover_enabled=&#8221;on|desktop&#8221; transform_origin__hover_enabled=&#8221;on|desktop&#8221; transform_scale__hover=&#8221;103%|103%&#8221;][\/et_pb_blurb][\/et_pb_column][et_pb_column type=&#8221;1_3&#8243; _builder_version=&#8221;4.22.0&#8243; _module_preset=&#8221;default&#8221;][et_pb_blurb title=&#8221;Unternehmensgr\u00fcndung&#8221; image_icon_background_color=&#8221;#000000&#8243; image=&#8221;https:\/\/musewald.info\/wp-content\/uploads\/2024\/11\/consulting-46.png&#8221; _builder_version=&#8221;4.25.2&#8243; _module_preset=&#8221;default&#8221; locked=&#8221;off&#8221; global_colors_info=&#8221;{%22gcid-primary-color%22:%91%22image_icon_background_color%22%93}&#8221; transform_styles__hover_enabled=&#8221;on|hover&#8221; transform_scale__hover=&#8221;103%|103%&#8221; transform_scale__hover_enabled=&#8221;on|hover&#8221; transform_translate__hover_enabled=&#8221;on|desktop&#8221; transform_rotate__hover_enabled=&#8221;on|desktop&#8221; transform_skew__hover_enabled=&#8221;on|desktop&#8221; transform_origin__hover_enabled=&#8221;on|desktop&#8221;][\/et_pb_blurb][\/et_pb_column][et_pb_column type=&#8221;1_3&#8243; _builder_version=&#8221;4.22.0&#8243; _module_preset=&#8221;default&#8221;][et_pb_blurb title=&#8221;Wachstum &#038; Skalierung&#8221; image_icon_background_color=&#8221;#0C71C3&#8243; image=&#8221;https:\/\/musewald.info\/wp-content\/uploads\/2024\/11\/consulting-47.png&#8221; _builder_version=&#8221;4.27.3&#8243; _module_preset=&#8221;default&#8221; locked=&#8221;off&#8221; global_colors_info=&#8221;{}&#8221; transform_styles__hover_enabled=&#8221;on|hover&#8221; transform_scale__hover=&#8221;103%|103%&#8221; transform_scale__hover_enabled=&#8221;on|hover&#8221; transform_translate__hover_enabled=&#8221;on|desktop&#8221; transform_rotate__hover_enabled=&#8221;on|desktop&#8221; transform_skew__hover_enabled=&#8221;on|desktop&#8221; transform_origin__hover_enabled=&#8221;on|desktop&#8221;][\/et_pb_blurb][\/et_pb_column][\/et_pb_row][\/et_pb_section][et_pb_section fb_built=&#8221;1&#8243; admin_label=&#8221;About &#038; Video&#8221; _builder_version=&#8221;4.25.2&#8243; _module_preset=&#8221;c35cf80c-97b8-4940-a56e-23517027c17a&#8221; background_color=&#8221;gcid-3cfc8c0c-5557-4a5d-9dab-24e78d615311&#8243; collapsed=&#8221;on&#8221; global_colors_info=&#8221;{%22gcid-3cfc8c0c-5557-4a5d-9dab-24e78d615311%22:%91%22background_color%22%93}&#8221;][et_pb_row _builder_version=&#8221;4.21.0&#8243; _module_preset=&#8221;default&#8221; global_colors_info=&#8221;{}&#8221;][et_pb_column type=&#8221;4_4&#8243; _builder_version=&#8221;4.21.0&#8243; _module_preset=&#8221;default&#8221;][et_pb_heading title=&#8221;\u00dcber uns&#8221; _builder_version=&#8221;4.27.3&#8243; _module_preset=&#8221;7571ceed-e11d-4017-aca7-e69ffa9bb732&#8243; title_text_color=&#8221;gcid-primary-color&#8221; global_colors_info=&#8221;{%22gcid-primary-color%22:%91%22title_text_color%22%93}&#8221;][\/et_pb_heading][et_pb_heading title=&#8221;Musewald GmbH ist Ihr zuverl\u00e4ssiger Partner f\u00fcr Transport, Logistik und Unternehmensberatung in Deutschland. Wir sind darauf spezialisiert, ausl\u00e4ndischen Unternehmen dabei zu helfen, sich erfolgreich auf dem deutschen Markt zu etablieren.&#8221; _builder_version=&#8221;4.27.3&#8243; _module_preset=&#8221;650047b0-e1f0-47ce-a3d6-7ea6feb85d6b&#8221; global_colors_info=&#8221;{}&#8221;][\/et_pb_heading][\/et_pb_column][\/et_pb_row][et_pb_row _builder_version=&#8221;4.27.3&#8243; _module_preset=&#8221;default&#8221; global_colors_info=&#8221;{}&#8221;][et_pb_column type=&#8221;4_4&#8243; _builder_version=&#8221;4.21.0&#8243; _module_preset=&#8221;default&#8221;][\/et_pb_column][\/et_pb_row][\/et_pb_section][et_pb_section fb_built=&#8221;1&#8243; admin_label=&#8221;Services&#8221; _builder_version=&#8221;4.25.2&#8243; _module_preset=&#8221;b4e3e9f8-462f-40de-91d8-478c8fb4f7b0&#8243; saved_tabs=&#8221;all&#8221; locked=&#8221;off&#8221; collapsed=&#8221;on&#8221; global_colors_info=&#8221;{%22gcid-8a774e07-7ffa-496d-a3ae-ed0f5be735c7%22:%91%22background_color%22%93}&#8221;][et_pb_row _builder_version=&#8221;4.21.0&#8243; _module_preset=&#8221;default&#8221; global_colors_info=&#8221;{}&#8221;][et_pb_column type=&#8221;4_4&#8243; _builder_version=&#8221;4.21.0&#8243; _module_preset=&#8221;default&#8221;][et_pb_heading title=&#8221;Dienstleistungen&#8221; _builder_version=&#8221;4.27.3&#8243; _module_preset=&#8221;7571ceed-e11d-4017-aca7-e69ffa9bb732&#8243; title_text_color=&#8221;gcid-primary-color&#8221; global_colors_info=&#8221;{%22gcid-primary-color%22:%91%22title_text_color%22%93}&#8221;][\/et_pb_heading][et_pb_heading title=&#8221;Erschlie\u00dfen Sie Ihr Gesch\u00e4ftspotenzial mit unseren L\u00f6sungen&#8221; _builder_version=&#8221;4.27.3&#8243; _module_preset=&#8221;650047b0-e1f0-47ce-a3d6-7ea6feb85d6b&#8221; title_level=&#8221;h3&#8243; title_text_color=&#8221;gcid-86e3b58b-8290-40f1-88ab-dd0e5cfed1b9&#8243; max_width=&#8221;800px&#8221; global_colors_info=&#8221;{%22gcid-0cddd2b1-8b06-4d9a-ae17-1cfad24229a1%22:%91%22quote_border_color%22%93,%22gcid-86e3b58b-8290-40f1-88ab-dd0e5cfed1b9%22:%91%22title_text_color%22%93}&#8221;][\/et_pb_heading][\/et_pb_column][\/et_pb_row][et_pb_row column_structure=&#8221;1_3,1_3,1_3&#8243; _builder_version=&#8221;4.25.2&#8243; _module_preset=&#8221;default&#8221; global_colors_info=&#8221;{}&#8221;][et_pb_column type=&#8221;1_3&#8243; _builder_version=&#8221;4.25.2&#8243; _module_preset=&#8221;81ade312-7498-4ccc-82ea-f99812deedb2&#8243; global_colors_info=&#8221;{}&#8221;][et_pb_heading title=&#8221;Strategie &#038; Planung&#8221; _builder_version=&#8221;4.27.3&#8243; _module_preset=&#8221;7571ceed-e11d-4017-aca7-e69ffa9bb732&#8243; title_text_color=&#8221;gcid-86e3b58b-8290-40f1-88ab-dd0e5cfed1b9&#8243; locked=&#8221;off&#8221; global_colors_info=&#8221;{%22gcid-86e3b58b-8290-40f1-88ab-dd0e5cfed1b9%22:%91%22title_text_color%22%93}&#8221;][\/et_pb_heading][et_pb_icon font_icon=&#8221;&#xf443;||fa||900&#8243; icon_color=&#8221;#FFFFFF&#8221; _builder_version=&#8221;4.27.3&#8243; _module_preset=&#8221;fee88b74-698b-4a2a-9f97-9df20949ecc9&#8243; locked=&#8221;off&#8221; global_colors_info=&#8221;{}&#8221;][\/et_pb_icon][et_pb_text _builder_version=&#8221;4.27.3&#8243; _module_preset=&#8221;0a1f194d-da3c-45f3-bf5c-1f9c7a376915&#8243; ul_line_height=&#8221;1.4em&#8221; global_colors_info=&#8221;{%22gcid-secondary-color%22:%91%22quote_border_color%22%93,%22gcid-heading-color%22:%91%22quote_text_color%22%93,%22gcid-51f5b7f3-039d-4a1c-bd3b-b60c0a85bef8%22:%91%22text_text_color%22%93}&#8221;]<\/p>\n<section id=\"markdown-section-5b0d0772-38e5-42d3-aeac-6c43f289a30e-14\" class=\"markdown-section\" data-markdown-raw=\" - Strategische Beratung und Planung \" data-section-index=\"14\">\n<ul>\n<li><span>Strategische<\/span><span>\u00a0Beratung<\/span><span>\u00a0und Planung<\/span><span><\/span><\/li>\n<\/ul>\n<\/section>\n<section id=\"markdown-section-5b0d0772-38e5-42d3-aeac-6c43f289a30e-15\" class=\"markdown-section\" data-markdown-raw=\" - Marktforschung und -analyse\" data-section-index=\"15\">\n<div class=\"markdown-section-toolbar\">\n<div>\n<div class=\"markdown-section-toolbar-internal\">\n<div class=\"markdown-section-toolbar-item light\"><span class=\"codicon codicon-reply\"><\/span><\/div>\n<div class=\"markdown-section-toolbar-item markdown-section-toolbar-copy light\"><span class=\"codicon codicon-copy\"><\/span><\/div>\n<\/div>\n<\/div>\n<\/div>\n<ul>\n<li><span>Mar<\/span><span>ktforschung<\/span><span>\u00a0und -analyse<\/span><\/li>\n<\/ul>\n<\/section>\n<section id=\"markdown-section-5b0d0772-38e5-42d3-aeac-6c43f289a30e-16\" class=\"markdown-section\" data-markdown-raw=\" - Machbarkeitsstudien und Entwicklung von Business Cases\" data-section-index=\"16\">\n<div class=\"markdown-section-toolbar\">\n<div>\n<div class=\"markdown-section-toolbar-internal\">\n<div class=\"markdown-section-toolbar-item light\"><span class=\"codicon codicon-reply\"><\/span><\/div>\n<div class=\"markdown-section-toolbar-item markdown-section-toolbar-copy light\"><span class=\"codicon codicon-copy\"><\/span><\/div>\n<\/div>\n<\/div>\n<\/div>\n<ul>\n<li><span>Machb<\/span><span>arkeitsstu<\/span><span>dien und Entwick<\/span><span>lung von<\/span><span>\u00a0Business<\/span><span>\u00a0Cases<\/span><\/li>\n<\/ul>\n<\/section>\n<p>[\/et_pb_text][\/et_pb_column][et_pb_column type=&#8221;1_3&#8243; _builder_version=&#8221;4.25.2&#8243; _module_preset=&#8221;81ade312-7498-4ccc-82ea-f99812deedb2&#8243; global_colors_info=&#8221;{}&#8221;][et_pb_heading title=&#8221;Unternehmensgr\u00fcndung&#8221; _builder_version=&#8221;4.27.3&#8243; _module_preset=&#8221;7571ceed-e11d-4017-aca7-e69ffa9bb732&#8243; title_text_color=&#8221;gcid-86e3b58b-8290-40f1-88ab-dd0e5cfed1b9&#8243; locked=&#8221;off&#8221; global_colors_info=&#8221;{%22gcid-86e3b58b-8290-40f1-88ab-dd0e5cfed1b9%22:%91%22title_text_color%22%93}&#8221;][\/et_pb_heading][et_pb_icon font_icon=&#8221;&#xf0e3;||fa||900&#8243; icon_color=&#8221;#FFFFFF&#8221; _builder_version=&#8221;4.27.3&#8243; _module_preset=&#8221;fee88b74-698b-4a2a-9f97-9df20949ecc9&#8243; locked=&#8221;off&#8221; global_colors_info=&#8221;{}&#8221;][\/et_pb_icon][et_pb_text _builder_version=&#8221;4.27.3&#8243; _module_preset=&#8221;0a1f194d-da3c-45f3-bf5c-1f9c7a376915&#8243; ul_line_height=&#8221;1.4em&#8221; locked=&#8221;off&#8221; global_colors_info=&#8221;{}&#8221;]<\/p>\n<section id=\"markdown-section-5b0d0772-38e5-42d3-aeac-6c43f289a30e-19\" class=\"markdown-section\" data-markdown-raw=\" - Umfassende Unterst\u00fctzung bei der Unternehmensgr\u00fcndung in Deutschland\" data-section-index=\"19\">\n<ul>\n<li><span>Umfass<\/span><span>ende Unterst<\/span><span>\u00fctzung bei der<\/span><span>\u00a0Un<\/span><span>ternehmensg<\/span><span>r\u00fcndung in Deutschlan<\/span><span>d<\/span><\/li>\n<\/ul>\n<\/section>\n<section id=\"markdown-section-5b0d0772-38e5-42d3-aeac-6c43f289a30e-20\" class=\"markdown-section\" data-markdown-raw=\" - Beratung zur Rechtsform und Struktur\" data-section-index=\"20\">\n<div class=\"markdown-section-toolbar\">\n<div>\n<div class=\"markdown-section-toolbar-internal\">\n<div class=\"markdown-section-toolbar-item light\"><span class=\"codicon codicon-reply\"><\/span><\/div>\n<div class=\"markdown-section-toolbar-item markdown-section-toolbar-copy light\"><span class=\"codicon codicon-copy\"><\/span><\/div>\n<\/div>\n<\/div>\n<\/div>\n<ul>\n<li><span>Be<\/span><span>ratung zur<\/span><span>\u00a0Rech<\/span><span>tsform un<\/span><span>d Struk<\/span><span>tur<\/span><\/li>\n<\/ul>\n<\/section>\n<section id=\"markdown-section-5b0d0772-38e5-42d3-aeac-6c43f289a30e-21\" class=\"markdown-section\" data-markdown-raw=\" - Unterst\u00fctzung bei Registrierung und Genehmigungen\" data-section-index=\"21\">\n<div class=\"markdown-section-toolbar\">\n<div>\n<div class=\"markdown-section-toolbar-internal\">\n<div class=\"markdown-section-toolbar-item light\"><span class=\"codicon codicon-reply\"><\/span><\/div>\n<div class=\"markdown-section-toolbar-item markdown-section-toolbar-copy light\"><span class=\"codicon codicon-copy\"><\/span><\/div>\n<\/div>\n<\/div>\n<\/div>\n<ul>\n<li><span>Unt<\/span><span>erst\u00fctzung bei<\/span><span>\u00a0Regist<\/span><span>rierung un<\/span><span>d G<\/span><span>ene<\/span><span>hmigungen sowie Bilanzierung<\/span><\/li>\n<\/ul>\n<\/section>\n<p>[\/et_pb_text][\/et_pb_column][et_pb_column type=&#8221;1_3&#8243; _builder_version=&#8221;4.25.2&#8243; _module_preset=&#8221;81ade312-7498-4ccc-82ea-f99812deedb2&#8243; global_colors_info=&#8221;{}&#8221;][et_pb_heading title=&#8221;Wachstum &#038; Skalierung&#8221; _builder_version=&#8221;4.27.3&#8243; _module_preset=&#8221;7571ceed-e11d-4017-aca7-e69ffa9bb732&#8243; title_text_color=&#8221;gcid-86e3b58b-8290-40f1-88ab-dd0e5cfed1b9&#8243; locked=&#8221;off&#8221; global_colors_info=&#8221;{%22gcid-86e3b58b-8290-40f1-88ab-dd0e5cfed1b9%22:%91%22title_text_color%22%93}&#8221;][\/et_pb_heading][et_pb_icon font_icon=&#8221;&#xf201;||fa||900&#8243; icon_color=&#8221;#FFFFFF&#8221; _builder_version=&#8221;4.27.3&#8243; _module_preset=&#8221;fee88b74-698b-4a2a-9f97-9df20949ecc9&#8243; locked=&#8221;off&#8221; global_colors_info=&#8221;{}&#8221;][\/et_pb_icon][et_pb_text _builder_version=&#8221;4.27.3&#8243; _module_preset=&#8221;0a1f194d-da3c-45f3-bf5c-1f9c7a376915&#8243; ul_line_height=&#8221;1.4em&#8221; locked=&#8221;off&#8221; global_colors_info=&#8221;{%22gcid-secondary-color%22:%91%22quote_border_color%22,%22quote_border_color%22%93,%22gcid-heading-color%22:%91%22quote_text_color%22,%22quote_text_color%22%93,%22gcid-51f5b7f3-039d-4a1c-bd3b-b60c0a85bef8%22:%91%22text_text_color%22,%22text_text_color%22%93}&#8221;]<\/p>\n<section id=\"markdown-section-5b0d0772-38e5-42d3-aeac-6c43f289a30e-24\" class=\"markdown-section\" data-markdown-raw=\" - Strategien zur Gesch\u00e4ftserweiterung\" data-section-index=\"24\">\n<ul>\n<li><span>Strateg<\/span><span>ien<\/span><span>\u00a0zur Gesch<\/span><span>\u00e4ftser<\/span><span>weiterung<\/span><\/li>\n<\/ul>\n<\/section>\n<section id=\"markdown-section-5b0d0772-38e5-42d3-aeac-6c43f289a30e-25\" class=\"markdown-section\" data-markdown-raw=\" - Optimierung von Abl\u00e4ufen und Prozessen\" data-section-index=\"25\">\n<div class=\"markdown-section-toolbar\">\n<div>\n<div class=\"markdown-section-toolbar-internal\">\n<div class=\"markdown-section-toolbar-item light\"><span class=\"codicon codicon-reply\"><\/span><\/div>\n<div class=\"markdown-section-toolbar-item markdown-section-toolbar-copy light\"><span class=\"codicon codicon-copy\"><\/span><\/div>\n<\/div>\n<\/div>\n<\/div>\n<ul>\n<li><span>Optim<\/span><span>ierung von Ab<\/span><span>l\u00e4ufen un<\/span><span>d Prozessen<\/span><\/li>\n<\/ul>\n<\/section>\n<section id=\"markdown-section-5b0d0772-38e5-42d3-aeac-6c43f289a30e-26\" class=\"markdown-section\" data-markdown-raw=\" - Einf\u00fchrung digitaler L\u00f6sungen zur Effizienzsteigerung\" data-section-index=\"26\">\n<div class=\"markdown-section-toolbar\">\n<div>\n<div class=\"markdown-section-toolbar-internal\">\n<div class=\"markdown-section-toolbar-item light\"><span class=\"codicon codicon-reply\"><\/span><\/div>\n<div class=\"markdown-section-toolbar-item markdown-section-toolbar-copy light\"><span class=\"codicon codicon-copy\"><\/span><\/div>\n<\/div>\n<\/div>\n<\/div>\n<ul>\n<li><span>Ein<\/span><span>f\u00fchrung digit<\/span><span>aler L<\/span><span>\u00f6sungen zur<\/span><span>\u00a0Effizi<\/span><span>enzsteiger<\/span><span>ung<\/span><\/li>\n<\/ul>\n<\/section>\n<p>[\/et_pb_text][\/et_pb_column][\/et_pb_row][\/et_pb_section][et_pb_section fb_built=&#8221;1&#8243; admin_label=&#8221;Testimonials&#8221; _builder_version=&#8221;4.25.2&#8243; _module_preset=&#8221;d04d659d-381a-431d-b0ad-690494db0563&#8243; custom_padding=&#8221;4vw||4vw||true|false&#8221; collapsed=&#8221;on&#8221; global_colors_info=&#8221;{}&#8221;][et_pb_row _builder_version=&#8221;4.21.0&#8243; _module_preset=&#8221;default&#8221; global_colors_info=&#8221;{}&#8221;][et_pb_column type=&#8221;4_4&#8243; _builder_version=&#8221;4.21.0&#8243; _module_preset=&#8221;default&#8221;][et_pb_heading title=&#8221;Kundenmeinungen&#8221; _builder_version=&#8221;4.27.3&#8243; _module_preset=&#8221;7571ceed-e11d-4017-aca7-e69ffa9bb732&#8243; title_text_align=&#8221;center&#8221; title_text_color=&#8221;gcid-primary-color&#8221; global_colors_info=&#8221;{%22gcid-primary-color%22:%91%22title_text_color%22%93}&#8221;][\/et_pb_heading][et_pb_icon font_icon=&#8221;&#xf10d;||fa||900&#8243; icon_color=&#8221;#000000&#8243; align=&#8221;center&#8221; _builder_version=&#8221;4.25.2&#8243; _module_preset=&#8221;a7af9fde-5b0f-4491-ad1f-526a69aba672&#8243; global_colors_info=&#8221;{}&#8221;][\/et_pb_icon][et_pb_slider _builder_version=&#8221;4.27.3&#8243; _module_preset=&#8221;2eebca05-fb67-43cf-903e-6032931f8ac4&#8243; custom_padding=&#8221;0px||||false|false&#8221; locked=&#8221;off&#8221; global_colors_info=&#8221;{}&#8221;][et_pb_slide heading=&#8221;%22Die Musewald GmbH ist unser bevorzugter Unternehmensberater. Wir erhalten ausf\u00fchrliche Beratung zu Themen wie Recht, Vertr\u00e4ge und Buchhaltung. Das Fachwissen von Alex und Anna ist f\u00fcr uns jederzeit eine zuverl\u00e4ssige Ressource!%22&#8243; _builder_version=&#8221;4.27.3&#8243; _module_preset=&#8221;default&#8221; locked=&#8221;off&#8221; global_colors_info=&#8221;{}&#8221; sticky_transition=&#8221;on&#8221;]<\/p>\n<p>Paul Herrmann, Webleon GmbH<\/p>\n<p>[\/et_pb_slide][\/et_pb_slider][\/et_pb_column][\/et_pb_row][\/et_pb_section][et_pb_section fb_built=&#8221;1&#8243; admin_label=&#8221;Gallery&#8221; _builder_version=&#8221;4.21.0&#8243; _module_preset=&#8221;default&#8221; background_color=&#8221;gcid-3cfc8c0c-5557-4a5d-9dab-24e78d615311&#8243; custom_padding=&#8221;0px||0px||true|false&#8221; collapsed=&#8221;on&#8221; global_colors_info=&#8221;{%22gcid-3cfc8c0c-5557-4a5d-9dab-24e78d615311%22:%91%22background_color%22%93}&#8221;][et_pb_row column_structure=&#8221;3_5,2_5&#8243; use_custom_gutter=&#8221;on&#8221; gutter_width=&#8221;2&#8243; make_equal=&#8221;on&#8221; _builder_version=&#8221;4.25.2&#8243; _module_preset=&#8221;default&#8221; width=&#8221;100%&#8221; max_width=&#8221;none&#8221; custom_padding=&#8221;0px||0px||true|false&#8221; global_colors_info=&#8221;{}&#8221;][et_pb_column type=&#8221;3_5&#8243; _builder_version=&#8221;4.25.2&#8243; _module_preset=&#8221;default&#8221;][et_pb_image src=&#8221;https:\/\/musewald.info\/wp-content\/uploads\/2024\/11\/consulting-11.jpg&#8221; title_text=&#8221;consulting-11&#8243; force_fullwidth=&#8221;on&#8221; _builder_version=&#8221;4.25.2&#8243; _module_preset=&#8221;default&#8221; global_colors_info=&#8221;{}&#8221;][\/et_pb_image][\/et_pb_column][et_pb_column type=&#8221;2_5&#8243; _builder_version=&#8221;4.25.2&#8243; _module_preset=&#8221;default&#8221; background_image=&#8221;https:\/\/musewald.info\/wp-content\/uploads\/2024\/11\/consulting-17.jpg&#8221;][et_pb_divider show_divider=&#8221;off&#8221; _builder_version=&#8221;4.21.0&#8243; _module_preset=&#8221;default&#8221; height_tablet=&#8221;50vw&#8221; height_phone=&#8221;50vw&#8221; height_last_edited=&#8221;on|desktop&#8221; global_colors_info=&#8221;{}&#8221;][\/et_pb_divider][\/et_pb_column][\/et_pb_row][\/et_pb_section][et_pb_section fb_built=&#8221;1&#8243; admin_label=&#8221;Feature&#8221; _builder_version=&#8221;4.25.2&#8243; _module_preset=&#8221;d04d659d-381a-431d-b0ad-690494db0563&#8243; collapsed=&#8221;on&#8221; global_colors_info=&#8221;{}&#8221;][et_pb_row _builder_version=&#8221;4.21.0&#8243; _module_preset=&#8221;default&#8221; global_colors_info=&#8221;{}&#8221;][et_pb_column type=&#8221;4_4&#8243; _builder_version=&#8221;4.21.0&#8243; _module_preset=&#8221;default&#8221;][et_pb_heading title=&#8221;Arbeiten Sie mit uns&#8221; _builder_version=&#8221;4.27.3&#8243; _module_preset=&#8221;7571ceed-e11d-4017-aca7-e69ffa9bb732&#8243; title_text_color=&#8221;gcid-primary-color&#8221; locked=&#8221;off&#8221; global_colors_info=&#8221;{%22gcid-primary-color%22:%91%22title_text_color%22%93}&#8221;][\/et_pb_heading][et_pb_heading title=&#8221;Wir arbeiten mit Unternehmen und Kunden jeder Gr\u00f6\u00dfe und Branche zusammen&#8221; _builder_version=&#8221;4.27.3&#8243; _module_preset=&#8221;74cd5324-0710-481e-b08d-c5eb62ab2e27&#8243; global_colors_info=&#8221;{}&#8221;][\/et_pb_heading][\/et_pb_column][\/et_pb_row][et_pb_row column_structure=&#8221;1_3,1_3,1_3&#8243; _builder_version=&#8221;4.21.0&#8243; _module_preset=&#8221;default&#8221; global_colors_info=&#8221;{}&#8221;][et_pb_column type=&#8221;1_3&#8243; _builder_version=&#8221;4.21.0&#8243; _module_preset=&#8221;default&#8221;][et_pb_image src=&#8221;https:\/\/musewald.info\/wp-content\/uploads\/2024\/11\/klein-scaled.avif&#8221; title_text=&#8221;klein&#8221; _builder_version=&#8221;4.27.3&#8243; _module_preset=&#8221;15db61b0-4593-471f-9e24-f844968bc5c7&#8243; global_colors_info=&#8221;{}&#8221;][\/et_pb_image][et_pb_heading title=&#8221;Kleine Unternehmen&#8221; _builder_version=&#8221;4.27.3&#8243; _module_preset=&#8221;26f7f692-2fae-436e-9c00-92ad21fdc517&#8243; custom_margin=&#8221;||10px||false|false&#8221; locked=&#8221;off&#8221; global_colors_info=&#8221;{%22gcid-0cddd2b1-8b06-4d9a-ae17-1cfad24229a1%22:%91%22quote_border_color%22%93}&#8221;][\/et_pb_heading][et_pb_text _builder_version=&#8221;4.25.2&#8243; _module_preset=&#8221;56a7a00e-05b1-46a4-a3c1-3af711be6ff5&#8243; global_colors_info=&#8221;{}&#8221;]<\/p>\n<p>Wir helfen Startups und kleinen Unternehmen, in der Transport- und Logistikbranche Fu\u00df zu fassen. Unsere ma\u00dfgeschneiderten L\u00f6sungen unterst\u00fctzen Sie in jeder Phase Ihres Wachstums.<\/p>\n<p>[\/et_pb_text][\/et_pb_column][et_pb_column type=&#8221;1_3&#8243; _builder_version=&#8221;4.21.0&#8243; _module_preset=&#8221;default&#8221;][et_pb_image src=&#8221;https:\/\/musewald.info\/wp-content\/uploads\/2024\/11\/mittlestand-scaled.jpg&#8221; title_text=&#8221;mittlestand&#8221; _builder_version=&#8221;4.27.3&#8243; _module_preset=&#8221;15db61b0-4593-471f-9e24-f844968bc5c7&#8243; global_colors_info=&#8221;{}&#8221;][\/et_pb_image][et_pb_heading title=&#8221;Mittelstand&#8221; _builder_version=&#8221;4.27.3&#8243; _module_preset=&#8221;26f7f692-2fae-436e-9c00-92ad21fdc517&#8243; custom_margin=&#8221;||10px||false|false&#8221; locked=&#8221;off&#8221; global_colors_info=&#8221;{%22gcid-0cddd2b1-8b06-4d9a-ae17-1cfad24229a1%22:%91%22quote_border_color%22,%22quote_border_color%22%93}&#8221;][\/et_pb_heading][et_pb_text _builder_version=&#8221;4.25.2&#8243; _module_preset=&#8221;56a7a00e-05b1-46a4-a3c1-3af711be6ff5&#8243; global_colors_info=&#8221;{}&#8221;]<\/p>\n<p>F\u00fcr etablierte mittelst\u00e4ndische Unternehmen bieten wir strategische Beratung, um Ihre Marktposition zu st\u00e4rken, Abl\u00e4ufe zu optimieren und Ihr Gesch\u00e4ft auf die n\u00e4chste Stufe zu heben.<\/p>\n<p>&nbsp;<\/p>\n<p>[\/et_pb_text][\/et_pb_column][et_pb_column type=&#8221;1_3&#8243; _builder_version=&#8221;4.21.0&#8243; _module_preset=&#8221;default&#8221;][et_pb_image src=&#8221;https:\/\/musewald.info\/wp-content\/uploads\/2024\/11\/dhltruck-scaled.jpg&#8221; title_text=&#8221;dhltruck&#8221; _builder_version=&#8221;4.27.3&#8243; _module_preset=&#8221;15db61b0-4593-471f-9e24-f844968bc5c7&#8243; global_colors_info=&#8221;{}&#8221;][\/et_pb_image][et_pb_heading title=&#8221;Gro\u00dfunternehmen&#8221; _builder_version=&#8221;4.27.3&#8243; _module_preset=&#8221;26f7f692-2fae-436e-9c00-92ad21fdc517&#8243; custom_margin=&#8221;||10px||false|false&#8221; locked=&#8221;off&#8221; global_colors_info=&#8221;{%22gcid-0cddd2b1-8b06-4d9a-ae17-1cfad24229a1%22:%91%22quote_border_color%22,%22quote_border_color%22%93}&#8221;][\/et_pb_heading][et_pb_text _builder_version=&#8221;4.25.2&#8243; _module_preset=&#8221;56a7a00e-05b1-46a4-a3c1-3af711be6ff5&#8243; global_colors_info=&#8221;{}&#8221;]<\/p>\n<p>Unsere Experten arbeiten mit Gro\u00dfunternehmen zusammen, um komplexe Herausforderungen im Transport- und Logistiksektor zu meistern. Wir entwickeln skalierbare L\u00f6sungen, die langfristigen Erfolg sichern.<\/p>\n<p>[\/et_pb_text][\/et_pb_column][\/et_pb_row][\/et_pb_section]<\/p>\n","protected":false},"excerpt":{"rendered":"<p>Strategische\u00a0Beratung\u00a0und Planung Marktforschung\u00a0und -analyse Machbarkeitsstudien und Entwicklung von\u00a0Business\u00a0Cases Umfassende Unterst\u00fctzung bei der\u00a0Unternehmensgr\u00fcndung in Deutschland Beratung zur\u00a0Rechtsform und Struktur Unterst\u00fctzung bei\u00a0Registrierung und Genehmigungen sowie Bilanzierung Strategien\u00a0zur Gesch\u00e4ftserweiterung Optimierung von Abl\u00e4ufen und Prozessen Einf\u00fchrung digitaler L\u00f6sungen zur\u00a0Effizienzsteigerung Paul Herrmann, Webleon GmbHWir helfen Startups und kleinen Unternehmen, in der Transport- und Logistikbranche Fu\u00df zu fassen. Unsere ma\u00dfgeschneiderten L\u00f6sungen [&hellip;]<\/p>\n","protected":false},"author":1,"featured_media":0,"parent":0,"menu_order":0,"comment_status":"closed","ping_status":"closed","template":"","meta":{"_et_pb_use_builder":"on","_et_pb_old_content":"","_et_gb_content_width":"","footnotes":""},"class_list":["post-12","page","type-page","status-publish","hentry"],"_links":{"self":[{"href":"https:\/\/musewald.info\/index.php?rest_route=\/wp\/v2\/pages\/12","targetHints":{"allow":["GET"]}}],"collection":[{"href":"https:\/\/musewald.info\/index.php?rest_route=\/wp\/v2\/pages"}],"about":[{"href":"https:\/\/musewald.info\/index.php?rest_route=\/wp\/v2\/types\/page"}],"author":[{"embeddable":true,"href":"https:\/\/musewald.info\/index.php?rest_route=\/wp\/v2\/users\/1"}],"replies":[{"embeddable":true,"href":"https:\/\/musewald.info\/index.php?rest_route=%2Fwp%2Fv2%2Fcomments&post=12"}],"version-history":[{"count":5,"href":"https:\/\/musewald.info\/index.php?rest_route=\/wp\/v2\/pages\/12\/revisions"}],"predecessor-version":[{"id":74,"href":"https:\/\/musewald.info\/index.php?rest_route=\/wp\/v2\/pages\/12\/revisions\/74"}],"wp:attachment":[{"href":"https:\/\/musewald.info\/index.php?rest_route=%2Fwp%2Fv2%2Fmedia&parent=12"}],"curies":[{"name":"wp","href":"https:\/\/api.w.org\/{rel}","templated":true}]}}